{"id":411802,"date":"2026-01-27T19:49:52","date_gmt":"2026-01-27T19:49:52","guid":{"rendered":"https:\/\/bodegafurniturenv.com\/?page_id=411802"},"modified":"2026-03-01T21:25:28","modified_gmt":"2026-03-01T21:25:28","slug":"mattresses","status":"publish","type":"page","link":"https:\/\/bodegafurniturenv.com\/index.php\/mattresses\/","title":{"rendered":"MATTRESSES"},"content":{"rendered":"<p>[et_pb_section fb_built=&#8221;1&#8243; fullwidth=&#8221;on&#8221; _builder_version=&#8221;4.27.0&#8243; _module_preset=&#8221;default&#8221; locked=&#8221;off&#8221; global_colors_info=&#8221;{}&#8221;][et_pb_fullwidth_code _builder_version=&#8221;4.27.0&#8243; _module_preset=&#8221;default&#8221; global_colors_info=&#8221;{}&#8221;][\/et_pb_fullwidth_code][\/et_pb_section][et_pb_section fb_built=&#8221;1&#8243; disabled_on=&#8221;off|off|off&#8221; _builder_version=&#8221;4.27.0&#8243; _module_preset=&#8221;default&#8221; global_colors_info=&#8221;{}&#8221;][et_pb_row _builder_version=&#8221;4.27.0&#8243; _module_preset=&#8221;default&#8221; global_colors_info=&#8221;{}&#8221;][et_pb_column type=&#8221;4_4&#8243; _builder_version=&#8221;4.27.0&#8243; _module_preset=&#8221;default&#8221; global_colors_info=&#8221;{}&#8221;][et_pb_text _builder_version=&#8221;4.27.0&#8243; _module_preset=&#8221;default&#8221; text_text_color=&#8221;#000000&#8243; text_font_size=&#8221;44px&#8221; text_line_height=&#8221;1.1em&#8221; global_colors_info=&#8221;{}&#8221;]<\/p>\n<p style=\"text-align: center;\"><strong>SPECIAL FOR THE MONTH OF MARCH-2026 <\/strong><\/p>\n<p>[\/et_pb_text][et_pb_text _builder_version=&#8221;4.27.0&#8243; _module_preset=&#8221;default&#8221; text_font_size=&#8221;17px&#8221; hover_enabled=&#8221;0&#8243; global_colors_info=&#8221;{}&#8221; sticky_enabled=&#8221;0&#8243;]<\/p>\n<p style=\"text-align: center;\">Free adjustable base with <strong>ALL MLILY<\/strong> Mattresses<\/p>\n<p>[\/et_pb_text][et_pb_code _builder_version=&#8221;4.27.0&#8243; _module_preset=&#8221;default&#8221; global_colors_info=&#8221;{}&#8221;]<\/p>\n<div class=\"contenedor-mattress\" id=\"main-filter-container\"><!-- [et_pb_line_break_holder] -->    <\/p>\n<div class=\"area-filtros-final\"><!-- [et_pb_line_break_holder] -->        <button class=\"btn-logic activo\" onclick=\"aplicarFiltro(this, 'all')\">All<\/button><!-- [et_pb_line_break_holder] -->        <button class=\"btn-logic\" onclick=\"aplicarFiltro(this, 'memory-foam-mattress')\">Memory Foam<\/button><!-- [et_pb_line_break_holder] -->        <button class=\"btn-logic\" onclick=\"aplicarFiltro(this, 'king-mattress')\">King<\/button><!-- [et_pb_line_break_holder] -->        <button class=\"btn-logic\" onclick=\"aplicarFiltro(this, 'queen-mattress')\">Queen<\/button><!-- [et_pb_line_break_holder] -->        <button class=\"btn-logic\" onclick=\"aplicarFiltro(this, 'full-mattress')\">Full<\/button><!-- [et_pb_line_break_holder] -->        <button class=\"btn-logic\" onclick=\"aplicarFiltro(this, 'twin-mattress')\">Twin<\/button><!-- [et_pb_line_break_holder] -->    <\/div>\n<p><!-- [et_pb_line_break_holder] --><\/div>\n<p><!-- [et_pb_line_break_holder] --><!-- [et_pb_line_break_holder] --><\/p>\n<style><!-- [et_pb_line_break_holder] -->\/* 1. BOTONES *\/<!-- [et_pb_line_break_holder] -->.area-filtros-final { margin: 20px 0 30px 0; display: flex; gap: 10px; justify-content: center; flex-wrap: wrap; }<!-- [et_pb_line_break_holder] -->.btn-logic { <!-- [et_pb_line_break_holder] -->    padding: 10px 22px; background-color: #f1f4f7 !important; border-radius: 50px !important; <!-- [et_pb_line_break_holder] -->    border: 1px solid #dce1e8 !important; cursor: pointer !important; font-weight: 700; color: #333 !important; <!-- [et_pb_line_break_holder] -->    text-transform: uppercase; font-size: 13px;<!-- [et_pb_line_break_holder] -->}<!-- [et_pb_line_break_holder] -->.btn-logic.activo { background-color: #fc5d22 !important; color: #fff !important; border-color: #fc5d22 !important; }<!-- [et_pb_line_break_holder] --><!-- [et_pb_line_break_holder] -->\/* 2. REGLA MAESTRA DE FILTRADO (CSS PURO) *\/<!-- [et_pb_line_break_holder] -->\/* Si el contenedor tiene un filtro activo, ocultamos todos los productos que NO coincidan *\/<!-- [et_pb_line_break_holder] -->[data-active-filter=\"memory-foam-mattress\"] .muebles-filtrables li.product:not(.product_cat-memory-foam-mattress),<!-- [et_pb_line_break_holder] -->[data-active-filter=\"king-mattress\"] .muebles-filtrables li.product:not(.product_cat-king-mattress),<!-- [et_pb_line_break_holder] -->[data-active-filter=\"queen-mattress\"] .muebles-filtrables li.product:not(.product_cat-queen-mattress),<!-- [et_pb_line_break_holder] -->[data-active-filter=\"full-mattress\"] .muebles-filtrables li.product:not(.product_cat-full-mattress),<!-- [et_pb_line_break_holder] -->[data-active-filter=\"twin-mattress\"] .muebles-filtrables li.product:not(.product_cat-twin-mattress) {<!-- [et_pb_line_break_holder] -->    display: none !important;<!-- [et_pb_line_break_holder] -->}<!-- [et_pb_line_break_holder] --><!-- [et_pb_line_break_holder] -->\/* 3. DISE\u00d1O PC (4 COLUMNAS) *\/<!-- [et_pb_line_break_holder] -->@media only screen and (min-width: 981px) {<!-- [et_pb_line_break_holder] -->    .muebles-filtrables ul.products { display: flex !important; flex-wrap: wrap !important; width: 100% !important; }<!-- [et_pb_line_break_holder] -->    .muebles-filtrables ul.products li.product { width: 23% !important; margin: 0 1% 30px 1% !important; display: block !important; }<!-- [et_pb_line_break_holder] -->}<!-- [et_pb_line_break_holder] --><!-- [et_pb_line_break_holder] -->\/* 4. DISE\u00d1O CELULAR (SIN DESBORDE) *\/<!-- [et_pb_line_break_holder] -->@media only screen and (max-width: 980px) {<!-- [et_pb_line_break_holder] -->    .muebles-filtrables ul.products li.product { width: 100% !important; margin: 0 0 30px 0 !important; box-sizing: border-box !important; padding: 10px !important; display: block !important; float: none !important; }<!-- [et_pb_line_break_holder] -->}<!-- [et_pb_line_break_holder] --><!-- [et_pb_line_break_holder] -->.btn-detalles-last { display: block !important; background: #fc5d22; color: #fff !important; padding: 12px; margin-top: 15px; border-radius: 8px; text-align: center; font-weight: bold; text-decoration: none !important; }<!-- [et_pb_line_break_holder] --><\/style>\n<p><!-- [et_pb_line_break_holder] --><!-- [et_pb_line_break_holder] --><script><!-- [et_pb_line_break_holder] -->\/\/ Funci\u00f3n global de filtrado - Cambia el atributo del contenedor padre<!-- [et_pb_line_break_holder] -->function aplicarFiltro(btn, cat) {<!-- [et_pb_line_break_holder] -->    \/\/ 1. UI de botones<!-- [et_pb_line_break_holder] -->    const btns = document.querySelectorAll('.btn-logic');<!-- [et_pb_line_break_holder] -->    btns.forEach(b => b.classList.remove('activo'));<!-- [et_pb_line_break_holder] -->    btn.classList.add('activo');<!-- [et_pb_line_break_holder] --><!-- [et_pb_line_break_holder] -->    \/\/ 2. L\u00f3gica: Aplicamos el filtro al BODY o al contenedor principal para que el CSS act\u00fae<!-- [et_pb_line_break_holder] -->    \/\/ Usamos el body para asegurar que el CSS encuentre la ruta hacia los productos<!-- [et_pb_line_break_holder] -->    document.body.setAttribute('data-active-filter', cat);<!-- [et_pb_line_break_holder] -->}<!-- [et_pb_line_break_holder] --><!-- [et_pb_line_break_holder] -->(function() {<!-- [et_pb_line_break_holder] -->    function inject() {<!-- [et_pb_line_break_holder] -->        var products = document.querySelectorAll('.muebles-filtrables li.product');<!-- [et_pb_line_break_holder] -->        products.forEach(function(p) {<!-- [et_pb_line_break_holder] -->            if (!p.querySelector('.btn-detalles-last')) {<!-- [et_pb_line_break_holder] -->                var link = p.querySelector('a').href;<!-- [et_pb_line_break_holder] -->                p.insertAdjacentHTML('beforeend', '<a href=\"'+link+'\" class=\"btn-detalles-last\">SEE DETAILS<\/a>');<!-- [et_pb_line_break_holder] -->            }<!-- [et_pb_line_break_holder] -->        });<!-- [et_pb_line_break_holder] -->    }<!-- [et_pb_line_break_holder] -->    \/\/ Inyectar y asegurar que el filtro empiece en 'all'<!-- [et_pb_line_break_holder] -->    document.body.setAttribute('data-active-filter', 'all');<!-- [et_pb_line_break_holder] -->    window.addEventListener('load', inject);<!-- [et_pb_line_break_holder] -->    setTimeout(inject, 2000);<!-- [et_pb_line_break_holder] -->})();<!-- [et_pb_line_break_holder] --><\/script>[\/et_pb_code][et_pb_shop type=&#8221;product_category&#8221; posts_number=&#8221;10&#8243; include_categories=&#8221;39&#8243; orderby=&#8221;date-desc&#8221; icon_hover_color=&#8221;RGBA(255,255,255,0)&#8221; hover_overlay_color=&#8221;RGBA(255,255,255,0)&#8221; module_class=&#8221;muebles-filtrables&#8221; _builder_version=&#8221;4.27.0&#8243; _module_preset=&#8221;default&#8221; title_font=&#8221;|700|||||||&#8221; title_font_size=&#8221;18px&#8221; price_font=&#8221;|700|||||||&#8221; price_text_color=&#8221;#fc5d22&#8243; price_font_size=&#8221;22px&#8221; border_radii_image=&#8221;off|10px|10px||&#8221; global_colors_info=&#8221;{}&#8221;][\/et_pb_shop][\/et_pb_column][\/et_pb_row][\/et_pb_section][et_pb_section fb_built=&#8221;1&#8243; _builder_version=&#8221;4.27.0&#8243; _module_preset=&#8221;default&#8221; custom_padding=&#8221;||4px|||&#8221; locked=&#8221;off&#8221; global_colors_info=&#8221;{}&#8221;][et_pb_row _builder_version=&#8221;4.27.0&#8243; _module_preset=&#8221;default&#8221; locked=&#8221;off&#8221; global_colors_info=&#8221;{}&#8221;][et_pb_column type=&#8221;4_4&#8243; _builder_version=&#8221;4.27.0&#8243; _module_preset=&#8221;default&#8221; global_colors_info=&#8221;{}&#8221;][et_pb_text _builder_version=&#8221;4.27.0&#8243; _module_preset=&#8221;default&#8221; text_text_color=&#8221;#000000&#8243; text_font_size=&#8221;44px&#8221; text_line_height=&#8221;1.1em&#8221; global_colors_info=&#8221;{}&#8221;]<\/p>\n<p style=\"text-align: center;\"><strong>Special Offers\u00a0<\/strong><\/p>\n<p>[\/et_pb_text][et_pb_text _builder_version=&#8221;4.27.0&#8243; _module_preset=&#8221;default&#8221; text_font_size=&#8221;17px&#8221; global_colors_info=&#8221;{}&#8221;]<\/p>\n<p style=\"text-align: center;\"><span>Find everything you need for your home<\/span><\/p>\n<p>[\/et_pb_text][\/et_pb_column][\/et_pb_row][et_pb_row _builder_version=&#8221;4.27.0&#8243; _module_preset=&#8221;default&#8221; global_colors_info=&#8221;{}&#8221;][et_pb_column type=&#8221;4_4&#8243; _builder_version=&#8221;4.27.0&#8243; _module_preset=&#8221;default&#8221; global_colors_info=&#8221;{}&#8221;][et_pb_shop type=&#8221;sale&#8221; posts_number=&#8221;100&#8243; orderby=&#8221;date-desc&#8221; sale_badge_color=&#8221;#fc5d22&#8243; icon_hover_color=&#8221;RGBA(255,255,255,0)&#8221; hover_overlay_color=&#8221;RGBA(255,255,255,0)&#8221; module_class=&#8221;tienda-con-boton&#8221; _builder_version=&#8221;4.27.0&#8243; _module_preset=&#8221;default&#8221; title_font=&#8221;|700|||||||&#8221; title_font_size=&#8221;18px&#8221; price_font=&#8221;|700|||||||&#8221; price_text_color=&#8221;#fc5d22&#8243; price_font_size=&#8221;22px&#8221; custom_css_free_form=&#8221;\/* 1. FILTRAR OFERTAS: Solo categor\u00eda Mattresses *\/||.tienda-con-boton li.product:not(.product_cat-mattresses) {||    display: none !important;||}||||\/* 2. RE-ACOMODO DIN\u00c1MICO: Separaci\u00f3n y alineaci\u00f3n *\/||.tienda-con-boton ul.products {||    display: flex !important;||    flex-wrap: wrap !important;||    justify-content: center !important;||    gap: 20px !important; \/* Esto los separa para que no est\u00e9n pegados *\/||}||||\/* 3. IGUALAR ALTURAS: Para que las cajas se vean uniformes *\/||.tienda-con-boton li.product {||    display: flex !important;||    flex-direction: column !important;||    float: none !important; \/* Limpia el error de Divi que los amontona *\/||    margin: 0 !important;||}||||\/* 4. DISE\u00d1O DE BOT\u00d3N Y POSICI\u00d3N FINAL *\/||.tienda-con-boton li.product a.woocommerce-LoopProduct-link {||    display: flex !important;||    flex-direction: column !important;||    flex-grow: 1 !important;||}||||.tienda-con-boton li.product a.woocommerce-LoopProduct-link::after {||    content: %22SEE DETAILS%22;||    display: block;||    background-color: #fc5d22;||    color: #ffffff;||    padding: 10px 15px;||    \/* Cambiamos el margin-top de 15px a &#8216;auto&#8217; para que bajen al fondo *\/||    margin-top: auto !important; ||    border-radius: 8px;||    font-weight: bold;||    font-size: 13px;||    text-align: center;||}&#8221; border_radii_image=&#8221;off|10px|10px||&#8221; global_colors_info=&#8221;{}&#8221;][\/et_pb_shop][\/et_pb_column][\/et_pb_row][\/et_pb_section][et_pb_section fb_built=&#8221;1&#8243; _builder_version=&#8221;4.27.0&#8243; _module_preset=&#8221;default&#8221; locked=&#8221;off&#8221; global_colors_info=&#8221;{}&#8221;][et_pb_row _builder_version=&#8221;4.27.0&#8243; _module_preset=&#8221;default&#8221; locked=&#8221;off&#8221; global_colors_info=&#8221;{}&#8221;][et_pb_column type=&#8221;4_4&#8243; _builder_version=&#8221;4.27.0&#8243; _module_preset=&#8221;default&#8221; global_colors_info=&#8221;{}&#8221;][et_pb_text _builder_version=&#8221;4.27.0&#8243; _module_preset=&#8221;default&#8221; text_text_color=&#8221;#000000&#8243; text_font_size=&#8221;44px&#8221; text_line_height=&#8221;1.1em&#8221; global_colors_info=&#8221;{}&#8221;]<\/p>\n<p style=\"text-align: center;\"><strong>Didn&#8217;t find the perfect piece?<br \/>We can order it for you.<\/strong><\/p>\n<p>[\/et_pb_text][et_pb_text _builder_version=&#8221;4.27.0&#8243; _module_preset=&#8221;default&#8221; text_font_size=&#8221;17px&#8221; global_colors_info=&#8221;{}&#8221;]<\/p>\n<p style=\"text-align: center;\">We offer access to thousands of additional products through our exclusive supplier catalogs.<br \/>Browse the catalogs and let us bring your ideal furniture to your home.<\/p>\n<p>[\/et_pb_text][\/et_pb_column][\/et_pb_row][et_pb_row column_structure=&#8221;1_4,1_4,1_4,1_4&#8243; _builder_version=&#8221;4.27.0&#8243; _module_preset=&#8221;default&#8221; locked=&#8221;off&#8221; global_colors_info=&#8221;{}&#8221;][et_pb_column type=&#8221;1_4&#8243; _builder_version=&#8221;4.27.0&#8243; _module_preset=&#8221;default&#8221; custom_padding=&#8221;||20px||false|false&#8221; border_radii=&#8221;off|10px|10px|10px|10px&#8221; border_width_all=&#8221;7px&#8221; border_color_all=&#8221;#FFFFFF&#8221; box_shadow_style=&#8221;preset3&#8243; global_colors_info=&#8221;{}&#8221;][et_pb_blurb title=&#8221;POUNDEX&#8221; use_icon=&#8221;on&#8221; font_icon=&#8221;&#xf02d;||fa||900&#8243; _builder_version=&#8221;4.27.0&#8243; _module_preset=&#8221;default&#8221; header_font=&#8221;|700|||||||&#8221; header_text_align=&#8221;center&#8221; header_font_size=&#8221;22px&#8221; body_text_color=&#8221;#000000&#8243; body_font_size=&#8221;16px&#8221; border_radii_image=&#8221;off|10px|10px||&#8221; global_colors_info=&#8221;{}&#8221;]<\/p>\n<p style=\"text-align: center;\">Contemporary and elegant styles for every space in your home.<\/p>\n<p>[\/et_pb_blurb][et_pb_button button_url=&#8221;https:\/\/poundex.com\/storage\/catalog-flip-books\/Catalog\/4\/&#8221; url_new_window=&#8221;on&#8221; button_text=&#8221;View Catalog&#8221; button_alignment=&#8221;center&#8221; _builder_version=&#8221;4.27.0&#8243; _module_preset=&#8221;default&#8221; custom_button=&#8221;on&#8221; button_text_size=&#8221;15px&#8221; button_text_color=&#8221;#fc5d22&#8243; button_border_radius=&#8221;5px&#8221; button_font=&#8221;|700|||||||&#8221; custom_padding=&#8221;|50px||50px|false|false&#8221; global_colors_info=&#8221;{}&#8221; button_text_color__hover_enabled=&#8221;on|hover&#8221; button_text_color__hover=&#8221;#FFFFFF&#8221; button_bg_color__hover_enabled=&#8221;on|hover&#8221; button_bg_color__hover=&#8221;#fc5d22&#8243; button_bg_enable_color__hover=&#8221;on&#8221;][\/et_pb_button][\/et_pb_column][et_pb_column type=&#8221;1_4&#8243; _builder_version=&#8221;4.27.0&#8243; _module_preset=&#8221;default&#8221; custom_padding=&#8221;||20px||false|false&#8221; border_radii=&#8221;off|10px|10px|10px|10px&#8221; border_width_all=&#8221;7px&#8221; border_color_all=&#8221;#FFFFFF&#8221; box_shadow_style=&#8221;preset3&#8243; global_colors_info=&#8221;{}&#8221;][et_pb_blurb title=&#8221;COASTER&#8221; use_icon=&#8221;on&#8221; font_icon=&#8221;&#xf4b8;||fa||900&#8243; _builder_version=&#8221;4.27.0&#8243; _module_preset=&#8221;default&#8221; header_font=&#8221;|700|||||||&#8221; header_text_align=&#8221;center&#8221; header_font_size=&#8221;22px&#8221; body_text_color=&#8221;#000000&#8243; body_font_size=&#8221;16px&#8221; border_radii_image=&#8221;off|10px|10px||&#8221; global_colors_info=&#8221;{}&#8221;]<\/p>\n<p style=\"text-align: center;\">Modern, functional, and affordable designs for every lifestyle.<\/p>\n<p>[\/et_pb_blurb][et_pb_button button_url=&#8221;https:\/\/www.coasterfurniture.com\/InfoBar\/ViewPdf3&#8243; url_new_window=&#8221;on&#8221; button_text=&#8221;View Catalog&#8221; button_alignment=&#8221;center&#8221; _builder_version=&#8221;4.27.0&#8243; _module_preset=&#8221;default&#8221; custom_button=&#8221;on&#8221; button_text_size=&#8221;15px&#8221; button_text_color=&#8221;#fc5d22&#8243; button_border_radius=&#8221;5px&#8221; button_font=&#8221;|700|||||||&#8221; custom_padding=&#8221;|50px||50px|false|false&#8221; global_colors_info=&#8221;{}&#8221; button_text_color__hover_enabled=&#8221;on|hover&#8221; button_text_color__hover=&#8221;#FFFFFF&#8221; button_bg_color__hover_enabled=&#8221;on|hover&#8221; button_bg_color__hover=&#8221;#fc5d22&#8243; button_bg_enable_color__hover=&#8221;on&#8221;][\/et_pb_button][\/et_pb_column][et_pb_column type=&#8221;1_4&#8243; _builder_version=&#8221;4.27.0&#8243; _module_preset=&#8221;default&#8221; custom_padding=&#8221;||20px||false|false&#8221; border_radii=&#8221;off|10px|10px|10px|10px&#8221; border_width_all=&#8221;7px&#8221; border_color_all=&#8221;#FFFFFF&#8221; box_shadow_style=&#8221;preset3&#8243; global_colors_info=&#8221;{}&#8221;][et_pb_blurb title=&#8221;CROWN MARK&#8221; use_icon=&#8221;on&#8221; font_icon=&#8221;&#xe074;||divi||400&#8243; _builder_version=&#8221;4.27.0&#8243; _module_preset=&#8221;default&#8221; header_font=&#8221;|700|||||||&#8221; header_text_align=&#8221;center&#8221; header_font_size=&#8221;22px&#8221; body_text_color=&#8221;#000000&#8243; body_font_size=&#8221;16px&#8221; border_radii_image=&#8221;off|10px|10px||&#8221; global_colors_info=&#8221;{}&#8221;]<\/p>\n<p style=\"text-align: center;\">Quality, comfort, and design created for your home.<\/p>\n<p>[\/et_pb_blurb][et_pb_button button_url=&#8221;https:\/\/www.crownmark.com\/wconnect\/ShowCatalog.dm?~&#038;Page=1&#038;Tag=DCT_NAME&#038;Key=BX&#8221; url_new_window=&#8221;on&#8221; button_text=&#8221;View Catalog&#8221; button_alignment=&#8221;center&#8221; _builder_version=&#8221;4.27.0&#8243; _module_preset=&#8221;default&#8221; custom_button=&#8221;on&#8221; button_text_size=&#8221;15px&#8221; button_text_color=&#8221;#fc5d22&#8243; button_border_radius=&#8221;5px&#8221; button_font=&#8221;|700|||||||&#8221; custom_padding=&#8221;|50px||50px|false|false&#8221; global_colors_info=&#8221;{}&#8221; button_text_color__hover_enabled=&#8221;on|hover&#8221; button_text_color__hover=&#8221;#FFFFFF&#8221; button_bg_color__hover_enabled=&#8221;on|hover&#8221; button_bg_color__hover=&#8221;#fc5d22&#8243; button_bg_enable_color__hover=&#8221;on&#8221;][\/et_pb_button][\/et_pb_column][et_pb_column type=&#8221;1_4&#8243; _builder_version=&#8221;4.27.0&#8243; _module_preset=&#8221;default&#8221; custom_padding=&#8221;||20px||false|false&#8221; border_radii=&#8221;off|10px|10px|10px|10px&#8221; border_width_all=&#8221;7px&#8221; border_color_all=&#8221;#FFFFFF&#8221; box_shadow_style=&#8221;preset3&#8243; global_colors_info=&#8221;{}&#8221;][et_pb_blurb title=&#8221;CASA BLANCA FURNISHINGS&#8221; use_icon=&#8221;on&#8221; font_icon=&#8221;&#xe033;||divi||400&#8243; _builder_version=&#8221;4.27.0&#8243; _module_preset=&#8221;default&#8221; header_font=&#8221;|700|||||||&#8221; header_text_align=&#8221;center&#8221; header_font_size=&#8221;22px&#8221; body_text_color=&#8221;#000000&#8243; body_font_size=&#8221;16px&#8221; border_radii_image=&#8221;off|10px|10px||&#8221; global_colors_info=&#8221;{}&#8221;]<\/p>\n<p style=\"text-align: center;\">Exclusive designs, modern styles, and elegant furniture for your home.<\/p>\n<p>[\/et_pb_blurb][et_pb_button button_url=&#8221;https:\/\/bodegafurniturenv.com\/wp-content\/uploads\/2026\/02\/3004325618954471236.pdf&#8221; url_new_window=&#8221;on&#8221; button_text=&#8221;View Catalog&#8221; button_alignment=&#8221;center&#8221; _builder_version=&#8221;4.27.0&#8243; _module_preset=&#8221;default&#8221; custom_button=&#8221;on&#8221; button_text_size=&#8221;15px&#8221; button_text_color=&#8221;#fc5d22&#8243; button_border_radius=&#8221;5px&#8221; button_font=&#8221;|700|||||||&#8221; custom_padding=&#8221;|50px||50px|false|false&#8221; global_colors_info=&#8221;{}&#8221; button_text_color__hover_enabled=&#8221;on|hover&#8221; button_text_color__hover=&#8221;#FFFFFF&#8221; button_bg_color__hover_enabled=&#8221;on|hover&#8221; button_bg_color__hover=&#8221;#fc5d22&#8243; button_bg_enable_color__hover=&#8221;on&#8221;][\/et_pb_button][\/et_pb_column][\/et_pb_row][\/et_pb_section][et_pb_section fb_built=&#8221;1&#8243; _builder_version=&#8221;4.27.0&#8243; _module_preset=&#8221;default&#8221; background_color=&#8221;#fc5d22&#8243; locked=&#8221;off&#8221; global_colors_info=&#8221;{}&#8221;][et_pb_row _builder_version=&#8221;4.27.0&#8243; _module_preset=&#8221;default&#8221; locked=&#8221;off&#8221; global_colors_info=&#8221;{}&#8221;][et_pb_column type=&#8221;4_4&#8243; _builder_version=&#8221;4.27.0&#8243; _module_preset=&#8221;default&#8221; global_colors_info=&#8221;{}&#8221;][et_pb_text _builder_version=&#8221;4.27.0&#8243; _module_preset=&#8221;default&#8221; text_text_color=&#8221;#FFFFFF&#8221; text_font_size=&#8221;44px&#8221; text_line_height=&#8221;1.1em&#8221; global_colors_info=&#8221;{}&#8221;]<\/p>\n<p style=\"text-align: center;\"><strong>Do you need help choosing?<\/strong><\/p>\n<p>[\/et_pb_text][et_pb_text _builder_version=&#8221;4.27.0&#8243; _module_preset=&#8221;default&#8221; text_text_color=&#8221;#FFFFFF&#8221; text_font_size=&#8221;17px&#8221; global_colors_info=&#8221;{}&#8221;]<\/p>\n<p style=\"text-align: center;\">Visit us at any of our 3 locations and our experts will advise you.<\/p>\n<p>[\/et_pb_text][\/et_pb_column][\/et_pb_row][et_pb_row column_structure=&#8221;1_2,1_2&#8243; _builder_version=&#8221;4.27.0&#8243; _module_preset=&#8221;default&#8221; global_colors_info=&#8221;{}&#8221;][et_pb_column type=&#8221;1_2&#8243; _builder_version=&#8221;4.27.0&#8243; _module_preset=&#8221;default&#8221; global_colors_info=&#8221;{}&#8221;][et_pb_button button_url=&#8221;https:\/\/bodegafurniturenv.com\/#locations&#8221; button_text=&#8221;Our Locations&#8221; button_alignment=&#8221;right&#8221; button_alignment_tablet=&#8221;right&#8221; button_alignment_phone=&#8221;center&#8221; button_alignment_last_edited=&#8221;on|desktop&#8221; _builder_version=&#8221;4.27.0&#8243; _module_preset=&#8221;default&#8221; custom_button=&#8221;on&#8221; button_text_size=&#8221;18px&#8221; button_text_color=&#8221;#fe2f31&#8243; button_bg_color=&#8221;#FFFFFF&#8221; button_border_width=&#8221;0px&#8221; button_border_radius=&#8221;5px&#8221; button_font=&#8221;&#8211;et_global_body_font|700|||||||&#8221; locked=&#8221;off&#8221; global_colors_info=&#8221;{}&#8221;][\/et_pb_button][\/et_pb_column][et_pb_column type=&#8221;1_2&#8243; _builder_version=&#8221;4.27.0&#8243; _module_preset=&#8221;default&#8221; global_colors_info=&#8221;{}&#8221;][et_pb_button button_url=&#8221;https:\/\/bodegafurniturenv.com\/#catalog&#8221; button_text=&#8221;See Catalog&#8221; button_alignment=&#8221;left&#8221; button_alignment_tablet=&#8221;right&#8221; button_alignment_phone=&#8221;center&#8221; button_alignment_last_edited=&#8221;on|desktop&#8221; _builder_version=&#8221;4.27.0&#8243; _module_preset=&#8221;default&#8221; custom_button=&#8221;on&#8221; button_text_size=&#8221;18px&#8221; button_text_color=&#8221;#FFFFFF&#8221; button_bg_color=&#8221;RGBA(255,255,255,0)&#8221; button_border_width=&#8221;1px&#8221; button_border_radius=&#8221;5px&#8221; button_font=&#8221;&#8211;et_global_body_font|700|||||||&#8221; locked=&#8221;off&#8221; global_colors_info=&#8221;{}&#8221; button_text_color__hover_enabled=&#8221;on|hover&#8221; button_bg_color__hover_enabled=&#8221;on|hover&#8221; button_bg_color__hover=&#8221;#FFFFFF&#8221; button_bg_enable_color__hover=&#8221;on&#8221; button_text_color__hover=&#8221;#fc5d22&#8243;][\/et_pb_button][\/et_pb_column][\/et_pb_row][\/et_pb_section]<\/p>\n","protected":false},"excerpt":{"rendered":"<p>SPECIAL FOR THE MONTH OF MARCH-2026 Free adjustable base with ALL MLILY MattressesSpecial Offers\u00a0Find everything you need for your homeDidn&#8217;t find the perfect piece?We can order it for you.We offer access to thousands of additional products through our exclusive supplier catalogs.Browse the catalogs and let us bring your ideal furniture to your home.Contemporary and [&hellip;]<\/p>\n","protected":false},"author":1,"featured_media":0,"parent":0,"menu_order":0,"comment_status":"closed","ping_status":"closed","template":"","meta":{"_et_pb_use_builder":"on","_et_pb_old_content":"","_et_gb_content_width":"","footnotes":""},"class_list":["post-411802","page","type-page","status-publish","hentry"],"_links":{"self":[{"href":"https:\/\/bodegafurniturenv.com\/index.php\/wp-json\/wp\/v2\/pages\/411802","targetHints":{"allow":["GET"]}}],"collection":[{"href":"https:\/\/bodegafurniturenv.com\/index.php\/wp-json\/wp\/v2\/pages"}],"about":[{"href":"https:\/\/bodegafurniturenv.com\/index.php\/wp-json\/wp\/v2\/types\/page"}],"author":[{"embeddable":true,"href":"https:\/\/bodegafurniturenv.com\/index.php\/wp-json\/wp\/v2\/users\/1"}],"replies":[{"embeddable":true,"href":"https:\/\/bodegafurniturenv.com\/index.php\/wp-json\/wp\/v2\/comments?post=411802"}],"version-history":[{"count":79,"href":"https:\/\/bodegafurniturenv.com\/index.php\/wp-json\/wp\/v2\/pages\/411802\/revisions"}],"predecessor-version":[{"id":412361,"href":"https:\/\/bodegafurniturenv.com\/index.php\/wp-json\/wp\/v2\/pages\/411802\/revisions\/412361"}],"wp:attachment":[{"href":"https:\/\/bodegafurniturenv.com\/index.php\/wp-json\/wp\/v2\/media?parent=411802"}],"curies":[{"name":"wp","href":"https:\/\/api.w.org\/{rel}","templated":true}]}}